{"id":3,"date":"2022-07-11T14:08:46","date_gmt":"2022-07-11T14:08:46","guid":{"rendered":"http:\/\/sustemicrop.eu\/?page_id=3"},"modified":"2023-04-24T20:13:39","modified_gmt":"2023-04-24T20:13:39","slug":"privacy-policy","status":"publish","type":"page","link":"https:\/\/sustemicrop.eu\/ar\/privacy-policy","title":{"rendered":"Privacy Policy"},"content":{"rendered":"<div data-elementor-type=\"wp-page\" data-elementor-id=\"3\" class=\"elementor elementor-3\">\n\t\t\t\t\t\t<section class=\"elementor-section elementor-top-section elementor-element elementor-element-120f5c23 elementor-section-boxed elementor-section-height-default elementor-section-height-default\" data-id=\"120f5c23\" data-element_type=\"section\" data-e-type=\"section\">\n\t\t\t\t\t\t<div class=\"elementor-container elementor-column-gap-default\">\n\t\t\t\t\t<div class=\"elementor-column elementor-col-100 elementor-top-column elementor-element elementor-element-29efa65f\" data-id=\"29efa65f\" data-element_type=\"column\" data-e-type=\"column\">\n\t\t\t<div class=\"elementor-widget-wrap elementor-element-populated\">\n\t\t\t\t\t\t<div class=\"elementor-element elementor-element-3c66cde0 elementor-widget elementor-widget-text-editor\" data-id=\"3c66cde0\" data-element_type=\"widget\" data-e-type=\"widget\" data-widget_type=\"text-editor.default\">\n\t\t\t\t<div class=\"elementor-widget-container\">\n\t\t\t\t\t\t\t\t\t\n<h2 class=\"wp-block-heading\">POL\u00cdTICA DE COOKIES<\/h2>\n<p>Una\u00a0cookie\u00a0es un peque\u00f1o fichero de texto que se almacena en su navegador cuando visita casi cualquier p\u00e1gina web. Su utilidad es que la web sea capaz de recordar su visita cuando vuelva a navegar por esa p\u00e1gina. Las\u00a0cookies\u00a0suelen almacenar informaci\u00f3n de car\u00e1cter t\u00e9cnico, preferencias personales, personalizaci\u00f3n de contenidos, estad\u00edsticas de uso, enlaces a redes sociales, acceso a cuentas de usuario, etc. El objetivo de la\u00a0cookie\u00a0es adaptar el contenido de la web a su perfil y necesidades, sin\u00a0cookies\u00a0los servicios ofrecidos por cualquier p\u00e1gina se ver\u00edan mermados notablemente.<\/p>\n<p>Si desea consultar m\u00e1s informaci\u00f3n sobre qu\u00e9 son las\u00a0cookies, qu\u00e9 almacenan, c\u00f3mo eliminarlas, desactivarlas, etc.,\u00a0podr\u00e1 encontrar informaci\u00f3n m\u00e1s adelante en \u00e9sta misma p\u00e1gina.<\/p>\n<h2>COOKIES UTILIZADAS EN ESTE SITIO WEB<\/h2>\n<p>Siguiendo las directrices de la Agencia Espa\u00f1ola de Protecci\u00f3n de Datos procedemos a detallar el uso de\u00a0cookies\u00a0que hace esta web con el fin de informarle con la m\u00e1xima exactitud posible.<\/p>\n<p>Este sitio web utiliza las siguientes\u00a0cookies propias:<\/p>\n<ul>\n<li><strong>Cookies de sesi\u00f3n<\/strong>, para garantizar la correcta visualizaci\u00f3n de los contenidos del sitio, ofrecer una experiencia de usuario \u00f3ptima y personalizada, registrar y gestionar las preferencias del visitante, e identificar a los usuarios registrados.<\/li>\n<\/ul>\n<p>Este sitio web utiliza las siguientes\u00a0cookies de terceros:<\/p>\n<ul>\n<li><strong>Google Analytics:<\/strong>\u00a0Almacena\u00a0cookies\u00a0para poder elaborar estad\u00edsticas sobre el tr\u00e1fico y volumen de visitas de esta web. Al utilizar este sitio web est\u00e1 consintiendo el tratamiento de informaci\u00f3n acerca de usted por Google. Por tanto, el ejercicio de cualquier derecho en este sentido deber\u00e1 hacerlo comunicando directamente con Google.<\/li>\n<li><strong>Redes sociales:<\/strong>\u00a0S\u00f3lo en la p\u00e1gina principal de la Universidad de Le\u00f3n, aparecen unos widgets, donde se incrusta c\u00f3digo de redes sociales, m\u00e1s concretamente Twitter, Instagram y Youtube. Cada red social utiliza sus propias\u00a0cookies\u00a0para que usted pueda pinchar en botones del tipo\u00a0Me gusta\u00a0o\u00a0Compartir.<\/li>\n<\/ul>\n<h2>DESACTIVACI\u00d3N O ELIMINACI\u00d3N DE COOKIES<\/h2>\n<p>En cualquier momento podr\u00e1 ejercer su derecho de desactivaci\u00f3n o eliminaci\u00f3n de cookies de este sitio web. Estas acciones se realizan de forma diferente en funci\u00f3n del navegador que est\u00e9 usando.\u00a0Aqu\u00ed le dejamos una gu\u00eda r\u00e1pida para los navegadores m\u00e1s populares.<\/p>\n<h3>NOTAS ADICIONALES<\/h3>\n<ul>\n<li>Ni esta web ni sus representantes legales se hacen responsables ni del contenido ni de la veracidad de las pol\u00edticas de privacidad que puedan tener los terceros mencionados en esta pol\u00edtica de\u00a0cookies.<\/li>\n<li>Los navegadores web son las herramientas encargadas de almacenar las\u00a0cookies\u00a0y desde este lugar debe efectuar su derecho a eliminaci\u00f3n o desactivaci\u00f3n de las mismas. Ni esta web ni sus representantes legales pueden garantizar la correcta o incorrecta manipulaci\u00f3n de las\u00a0cookies\u00a0por parte de los mencionados navegadores.<\/li>\n<li>En algunos casos es necesario instalar\u00a0cookies\u00a0para que el navegador no olvide su decisi\u00f3n de no aceptaci\u00f3n de las mismas.<\/li>\n<li>En el caso de las\u00a0cookies\u00a0de Google Analytics, esta empresa almacena las\u00a0cookies\u00a0en servidores ubicados en Estados Unidos y se compromete a no compartirla con terceros, excepto en los casos en los que sea necesario para el funcionamiento del sistema o cuando la ley obligue a tal efecto. Seg\u00fan Google no guarda su direcci\u00f3n IP. Google Inc. es una compa\u00f1\u00eda adherida al Acuerdo de Puerto Seguro que garantiza que todos los datos transferidos ser\u00e1n tratados con un nivel de protecci\u00f3n acorde a la normativa europea. Puede consultar informaci\u00f3n detallada a este respecto\u00a0en este enlace. Si desea informaci\u00f3n sobre el uso que Google da a las cookies\u00a0le adjuntamos este otro enlace.<\/li>\n<li>Para cualquier duda o consulta acerca de esta pol\u00edtica de\u00a0cookies\u00a0no dude en comunicarse con nosotros a trav\u00e9s de la secci\u00f3n de contacto.<\/li>\n<\/ul>\n<h2>\u00a0<\/h2>\n<h2>M\u00c1S INFORMACI\u00d3N ACERCA DE LAS COOKIES<\/h2>\n<h3>\u00bfQU\u00c9 ES UNA COOKIE?<\/h3>\n<p>Una\u00a0cookie\u00a0es un fichero de texto\u00a0inofensivo\u00a0que se almacena en su navegador cuando visita casi cualquier p\u00e1gina web. La utilidad de la\u00a0cookie\u00a0es que la web sea capaz de recordar su visita cuando vuelva a navegar por esa p\u00e1gina. Aunque mucha gente no lo sabe las\u00a0cookies\u00a0se llevan utilizando desde hace 20 a\u00f1os, cuando aparecieron los primeros navegadores para la World Wide Web.<\/p>\n<h3>\u00bfQU\u00c9 NO ES UNA COOKIE?<\/h3>\n<p>No es un virus, ni un troyano, ni un gusano, ni spam, ni spyware, ni abre ventanas pop-up.<\/p>\n<h3>\u00bfQU\u00c9 INFORMACI\u00d3N ALMACENA UNA\u00a0COOKIE?<\/h3>\n<p>Las\u00a0cookies\u00a0no suelen almacenar informaci\u00f3n sensible sobre usted, como tarjetas de cr\u00e9dito o datos bancarios, fotograf\u00edas, su DNI o informaci\u00f3n personal, etc. Los datos que guardan son de car\u00e1cter t\u00e9cnico, preferencias personales, personalizaci\u00f3n de contenidos, etc.<\/p>\n<p>El servidor web no le asocia a usted como persona si no a su navegador web. De hecho, si usted navega habitualmente con Internet Explorer y prueba a navegar por la misma web con Firefox o Chrome ver\u00e1 que la web no se da cuenta que es usted la misma persona porque en realidad est\u00e1 asociando al navegador, no a la persona.<\/p>\n<h3>\u00bfQU\u00c9 TIPO DE\u00a0COOKIES\u00a0EXISTEN?<\/h3>\n<ul>\n<li><strong>Cookies\u00a0t\u00e9cnicas:<\/strong>\u00a0Son las m\u00e1s elementales y permiten, entre otras cosas, saber cu\u00e1ndo est\u00e1 navegando un humano o una aplicaci\u00f3n automatizada, cu\u00e1ndo navega un usuario an\u00f3nimo y uno registrado, tareas b\u00e1sicas para el funcionamiento de cualquier web din\u00e1mica.<\/li>\n<li><strong>Cookies\u00a0de an\u00e1lisis:<\/strong>\u00a0Recogen informaci\u00f3n sobre el tipo de navegaci\u00f3n que est\u00e1 realizando, las secciones que m\u00e1s utiliza, productos consultados, franja horaria de uso, idioma, etc.<\/li>\n<li><strong>Cookies\u00a0publicitarias:<\/strong>\u00a0Muestran publicidad en funci\u00f3n de su navegaci\u00f3n, su pa\u00eds de procedencia, idioma, etc.<\/li>\n<\/ul>\n<h3>\u00bfQU\u00c9 SON LAS\u00a0COOKIES\u00a0PROPIAS Y LAS DE TERCEROS?<\/h3>\n<p>Las\u00a0cookies propias\u00a0son las generadas por la p\u00e1gina que est\u00e1 visitando y las\u00a0de terceros\u00a0son las generadas por servicios o proveedores externos como Facebook, Twitter, Google, etc.<\/p>\n<h3>\u00bfQU\u00c9 OCURRE SI DESACTIVO LAS\u00a0COOKIES?<\/h3>\n<p>Para que entienda el alcance que puede tener desactivar las\u00a0cookies\u00a0le mostramos unos ejemplos:<\/p>\n<ul>\n<li>No podr\u00e1 compartir contenidos de esa web en Facebook, Twitter o cualquier otra red social.<\/li>\n<li>El sitio web no podr\u00e1 adaptar los contenidos a sus preferencias personales, como suele ocurrir en las tiendas online.<\/li>\n<li>No podr\u00e1 acceder al \u00e1rea personal de esa web, como por ejemplo\u00a0Mi cuenta, o\u00a0Mi perfil\u00a0o\u00a0Mis pedidos.<\/li>\n<li>Tiendas online: Le ser\u00e1 imposible realizar compras online, tendr\u00e1n que ser telef\u00f3nicas o visitando la tienda f\u00edsica si es que dispone de ella.<\/li>\n<li>No ser\u00e1 posible personalizar sus preferencias geogr\u00e1ficas como franja horaria, divisa o idioma.<\/li>\n<li>El sitio web no podr\u00e1 realizar anal\u00edticas web sobre visitantes y tr\u00e1fico en la web, lo que dificultar\u00e1 que la web sea competitiva.<\/li>\n<li>No podr\u00e1 escribir en el blog, no podr\u00e1 subir fotos, publicar comentarios, valorar o puntuar contenidos. La web tampoco podr\u00e1 saber si usted es un humano o una aplicaci\u00f3n automatizada que publica\u00a0spam.<\/li>\n<li>No se podr\u00e1 mostrar publicidad sectorizada, lo que reducir\u00e1 los ingresos publicitarios de la web.<\/li>\n<li>Todas las redes sociales usan\u00a0cookies, si las desactiva no podr\u00e1 utilizar ninguna red social.<\/li>\n<\/ul>\n<h3>\u00bfSE PUEDEN ELIMINAR LAS\u00a0COOKIES?<\/h3>\n<p>S\u00ed. No s\u00f3lo eliminar, tambi\u00e9n bloquear, de forma general o particular para un dominio espec\u00edfico.<\/p>\n<p>Para eliminar las\u00a0cookies\u00a0de un sitio web debe ir a la configuraci\u00f3n de su navegador y all\u00ed podr\u00e1 buscar las asociadas al dominio en cuesti\u00f3n y proceder a su eliminaci\u00f3n.<\/p>\n<h2>\u00a0<\/h2>\n<h2>CONFIGURACI\u00d3N DE\u00a0COOKIES\u00a0PARA LOS NAVEGADORES M\u00c1S POLULARES<\/h2>\n<h3>GOOGLE CHROME<\/h3>\n<p>A continuaci\u00f3n le indicamos c\u00f3mo acceder a una\u00a0cookie\u00a0determinada del navegador\u00a0Chrome. Nota: estos pasos pueden variar en funci\u00f3n de la versi\u00f3n del navegador:<\/p>\n<ol>\n<li>Vaya a Configuraci\u00f3n o Preferencias mediante el men\u00fa Archivo o bien pinchando el icono de personalizaci\u00f3n que aparece arriba a la derecha.<\/li>\n<li>Ver\u00e1 diferentes secciones, pinche la opci\u00f3n\u00a0Mostrar opciones avanzadas.<\/li>\n<li>Vaya a\u00a0Privacidad,\u00a0Configuraci\u00f3n de contenido.<\/li>\n<li>Seleccione\u00a0Todas las\u00a0cookies\u00a0y los datos de sitios.<\/li>\n<li>Aparecer\u00e1 un listado con todas las\u00a0cookies\u00a0ordenadas por dominio. Para que le sea m\u00e1s f\u00e1cil encontrar las\u00a0cookies\u00a0de un determinado dominio introduzca parcial o totalmente la direcci\u00f3n en el campo\u00a0Buscar cookies.<\/li>\n<li>Tras realizar este filtro aparecer\u00e1n en pantalla una o varias l\u00edneas con las\u00a0cookies\u00a0de la web solicitada. Ahora s\u00f3lo tiene que seleccionarla y pulsar la\u00a0X\u00a0para proceder a su eliminaci\u00f3n.<\/li>\n<\/ol>\n<h3>MICROSOFT INTERNET EXPLORER<\/h3>\n<p>Para acceder a la configuraci\u00f3n de\u00a0cookies\u00a0del navegador\u00a0Internet Explorer\u00a0siga estos pasos (pueden variar en funci\u00f3n de la versi\u00f3n del navegador):<\/p>\n<ol>\n<li>Vaya a\u00a0Herramientas,\u00a0Opciones de Internet<\/li>\n<li>Haga click en\u00a0Privacidad.<\/li>\n<li>Mueva el deslizador hasta ajustar el nivel de privacidad que desee.<\/li>\n<\/ol>\n<h3>MOZILLA FIREFOX<\/h3>\n<p>Para acceder a la configuraci\u00f3n de\u00a0cookies\u00a0del navegador\u00a0Firefox\u00a0siga estos pasos (pueden variar en funci\u00f3n de la versi\u00f3n del navegador):<\/p>\n<ol>\n<li>Vaya a\u00a0Opciones\u00a0o\u00a0Preferencias\u00a0seg\u00fan su sistema operativo.<\/li>\n<li>Haga click en\u00a0Privacidad.<\/li>\n<li>En\u00a0Historial\u00a0elija\u00a0Usar una configuraci\u00f3n personalizada para el historial.<\/li>\n<li>Ahora ver\u00e1 la opci\u00f3n\u00a0Aceptar cookies, puede activarla o desactivarla seg\u00fan sus preferencias.<\/li>\n<\/ol>\n<h3>APPLE SAFARI<\/h3>\n<p>Para acceder a la configuraci\u00f3n de\u00a0cookies\u00a0del navegador\u00a0Safari para OSX\u00a0siga estos pasos (pueden variar en funci\u00f3n de la versi\u00f3n del navegador):<\/p>\n<ol>\n<li>Vaya a\u00a0Preferencias, luego\u00a0Privacidad.<\/li>\n<li>En este lugar ver\u00e1 la opci\u00f3n\u00a0Bloquear cookies\u00a0para que ajuste el tipo de bloqueo que desea realizar.<\/li>\n<\/ol>\n<h3>ANDROID<\/h3>\n<p>Para acceder a la configuraci\u00f3n de\u00a0cookies\u00a0del navegador para dispositivos\u00a0Android\u00a0siga estos pasos (pueden variar en funci\u00f3n de la versi\u00f3n del navegador):<\/p>\n<ol>\n<li>Ejecute el navegador y pulse la tecla\u00a0Men\u00fa, luego\u00a0Ajustes.<\/li>\n<li>Vaya a\u00a0Seguridad y Privacidad, ver\u00e1 la opci\u00f3n\u00a0Aceptar cookies\u00a0para que active o desactive la casilla.<\/li>\n<\/ol>\n<h3>IPHONE\/IPAD<\/h3>\n<p>Para acceder a la configuraci\u00f3n de\u00a0cookies\u00a0del navegador\u00a0Safari para iOS\u00a0siga estos pasos (pueden variar en funci\u00f3n de la versi\u00f3n del navegador):<\/p>\n<ol>\n<li>Vaya a\u00a0Ajustes, luego\u00a0Safari.<\/li>\n<li>Vaya a\u00a0Privacidad y Seguridad, ver\u00e1 la opci\u00f3n\u00a0Bloquear cookies\u00a0para que ajuste el tipo de bloqueo que desea realizar.<\/li>\n<\/ol>\n<h3>WINDOWS PHONE<\/h3>\n<p>Para acceder a la configuraci\u00f3n de\u00a0cookies\u00a0del navegador para dispositivos\u00a0Windows Phone\u00a0siga estos pasos (pueden variar en funci\u00f3n de la versi\u00f3n del navegador):<\/p>\n<ol>\n<li>Abra\u00a0Internet Explorer, luego\u00a0M\u00e1s, luego\u00a0Configuraci\u00f3n<\/li>\n<li>Ahora puede activar o desactivar la casilla\u00a0Permitir cookies.<\/li>\n<\/ol>\n\t\t\t\t\t\t\t\t<\/div>\n\t\t\t\t<\/div>\n\t\t\t\t\t<\/div>\n\t\t<\/div>\n\t\t\t\t\t<\/div>\n\t\t<\/section>\n\t\t\t\t<\/div>","protected":false},"excerpt":{"rendered":"<p>POL\u00cdTICA DE COOKIES Una\u00a0cookie\u00a0es un peque\u00f1o fichero de texto que se almacena en su navegador cuando visita casi cualquier p\u00e1gina web. Su utilidad es que la web sea capaz de recordar su visita cuando vuelva a navegar por esa p\u00e1gina. Las\u00a0cookies\u00a0suelen almacenar informaci\u00f3n de car\u00e1cter t\u00e9cnico, preferencias personales, personalizaci\u00f3n de contenidos, estad\u00edsticas de uso, enlaces a redes sociales, acceso a&#8230;<\/p>","protected":false},"author":1,"featured_media":0,"parent":0,"menu_order":0,"comment_status":"closed","ping_status":"closed","template":"","meta":{"give_campaign_id":0,"footnotes":""},"class_list":["post-3","page","type-page","status-publish","hentry"],"campaignId":"","_links":{"self":[{"href":"https:\/\/sustemicrop.eu\/ar\/wp-json\/wp\/v2\/pages\/3","targetHints":{"allow":["GET"]}}],"collection":[{"href":"https:\/\/sustemicrop.eu\/ar\/wp-json\/wp\/v2\/pages"}],"about":[{"href":"https:\/\/sustemicrop.eu\/ar\/wp-json\/wp\/v2\/types\/page"}],"author":[{"embeddable":true,"href":"https:\/\/sustemicrop.eu\/ar\/wp-json\/wp\/v2\/users\/1"}],"replies":[{"embeddable":true,"href":"https:\/\/sustemicrop.eu\/ar\/wp-json\/wp\/v2\/comments?post=3"}],"version-history":[{"count":4,"href":"https:\/\/sustemicrop.eu\/ar\/wp-json\/wp\/v2\/pages\/3\/revisions"}],"predecessor-version":[{"id":837,"href":"https:\/\/sustemicrop.eu\/ar\/wp-json\/wp\/v2\/pages\/3\/revisions\/837"}],"wp:attachment":[{"href":"https:\/\/sustemicrop.eu\/ar\/wp-json\/wp\/v2\/media?parent=3"}],"curies":[{"name":"wp","href":"https:\/\/api.w.org\/{rel}","templated":true}]}}